{"id":5261,"date":"2024-09-30T14:07:32","date_gmt":"2024-09-30T12:07:32","guid":{"rendered":"https:\/\/gobarto.pl\/kontakt\/"},"modified":"2025-09-11T15:24:54","modified_gmt":"2025-09-11T13:24:54","slug":"contact-us","status":"publish","type":"page","link":"https:\/\/gobarto.pl\/en\/contact-us\/","title":{"rendered":"Contact"},"content":{"rendered":"\t\t<div data-elementor-type=\"wp-page\" data-elementor-id=\"5261\" class=\"elementor elementor-5261 elementor-1317\">\n\t\t\t\t<div class=\"elementor-element elementor-element-b31d796 e-flex e-con-boxed e-con e-parent\" data-id=\"b31d796\" data-element_type=\"container\" data-e-type=\"container\">\n\t\t\t\t\t<div class=\"e-con-inner\">\n\t\t<div class=\"elementor-element elementor-element-2cc85d7 e-con-full e-flex e-con e-child\" data-id=\"2cc85d7\" data-element_type=\"container\" data-e-type=\"container\">\n\t\t\t\t<div class=\"elementor-element elementor-element-49aeaa4 elementor-widget elementor-widget-shortcode\" data-id=\"49aeaa4\" data-element_type=\"widget\" data-e-type=\"widget\" data-widget_type=\"shortcode.default\">\n\t\t\t\t<div class=\"elementor-widget-container\">\n\t\t\t\t\t\t\t<div class=\"elementor-shortcode\">\n<div class=\"wpcf7 no-js\" id=\"wpcf7-f5269-o1\" lang=\"pl-PL\" dir=\"ltr\" data-wpcf7-id=\"5269\">\n<div class=\"screen-reader-response\"><p role=\"status\" aria-live=\"polite\" aria-atomic=\"true\"><\/p> <ul><\/ul><\/div>\n<form action=\"\/en\/wp-json\/wp\/v2\/pages\/5261#wpcf7-f5269-o1\" method=\"post\" class=\"wpcf7-form init\" aria-label=\"Formularz kontaktowy\" novalidate=\"novalidate\" data-status=\"init\">\n<fieldset class=\"hidden-fields-container\"><input type=\"hidden\" name=\"_wpcf7\" value=\"5269\" \/><input type=\"hidden\" name=\"_wpcf7_version\" value=\"6.1.5\" \/><input type=\"hidden\" name=\"_wpcf7_locale\" value=\"pl_PL\" \/><input type=\"hidden\" name=\"_wpcf7_unit_tag\" value=\"wpcf7-f5269-o1\" \/><input type=\"hidden\" name=\"_wpcf7_container_post\" value=\"0\" \/><input type=\"hidden\" name=\"_wpcf7_posted_data_hash\" value=\"\" \/><input type=\"hidden\" name=\"_wpcf7_recaptcha_response\" value=\"\" \/>\n<\/fieldset>\n<div id=\"kontakt-form\">\n\t<p><label> My message concerns: <span>*<\/span><br \/>\n<span class=\"wpcf7-form-control-wrap\" data-name=\"your-recipient\"><select class=\"wpcf7-form-control wpcf7-select wpcf7-validates-as-required\" aria-required=\"true\" aria-invalid=\"false\" name=\"your-recipient\"><option value=\"\">&#8212;Prosz\u0119 wybra\u0107 opcj\u0119&#8212;<\/option><option value=\"Distribution Centres\">Distribution Centres<\/option><option value=\"Gobarto Dziczyzna (Game Meat)\">Gobarto Dziczyzna (Game Meat)<\/option><option value=\"Gobarto 500\">Gobarto 500<\/option><option value=\"HoReCa\">HoReCa<\/option><option value=\"Export\">Export<\/option><option value=\"Raw Material Purchase &amp; Sale\">Raw Material Purchase &amp; Sale<\/option><option value=\"Services \u2013 Cold Storage\">Services \u2013 Cold Storage<\/option><option value=\"Services \u2013 Transport\">Services \u2013 Transport<\/option><option value=\"Biogas Plants\">Biogas Plants<\/option><option value=\"HR Department\">HR Department<\/option><option value=\"Gobarto Foundation\">Gobarto Foundation<\/option><option value=\"Other Inquiries\">Other Inquiries<\/option><\/select><\/span> <\/label>\n\t<\/p>\n\t<p><label> First and last name <span>*<\/span><br \/>\n<span class=\"wpcf7-form-control-wrap\" data-name=\"your-name\"><input size=\"40\" maxlength=\"400\" class=\"wpcf7-form-control wpcf7-text wpcf7-validates-as-required\" aria-required=\"true\" aria-invalid=\"false\" value=\"\" type=\"text\" name=\"your-name\" \/><\/span> <\/label>\n\t<\/p>\n\t<p><label> E-mail address <span>*<\/span><br \/>\n<span class=\"wpcf7-form-control-wrap\" data-name=\"your-email\"><input size=\"40\" maxlength=\"400\" class=\"wpcf7-form-control wpcf7-email wpcf7-validates-as-required wpcf7-text wpcf7-validates-as-email\" aria-required=\"true\" aria-invalid=\"false\" value=\"\" type=\"email\" name=\"your-email\" \/><\/span> <\/label>\n\t<\/p>\n\t<p><label> Phone number<br \/>\n<span class=\"wpcf7-form-control-wrap\" data-name=\"your-phone\"><input size=\"40\" maxlength=\"400\" class=\"wpcf7-form-control wpcf7-text\" aria-invalid=\"false\" value=\"\" type=\"text\" name=\"your-phone\" \/><\/span> <\/label>\n\t<\/p>\n\t<p><label> Message <span>*<\/span><br \/>\n<span class=\"wpcf7-form-control-wrap\" data-name=\"your-message\"><textarea cols=\"40\" rows=\"10\" maxlength=\"2000\" class=\"wpcf7-form-control wpcf7-textarea\" aria-invalid=\"false\" name=\"your-message\"><\/textarea><\/span> <\/label>\n\t<\/p>\n\t<p style=\"margin-bottom:1rem\"><small>The administrator of personal data submitted via the contact form is Gobarto SA, with its registered office at Wsp\u00f3lna 70, 00-687 Warsaw, Poland (hereinafter referred to as the \u201cData Controller\u201d). The personal data you provide will be processed by the Data Controller for the purpose of responding to your inquiry.<\/small>\n\t<\/p>\n\t<p><small>You have the right to access your personal data, request its rectification, erasure, or restriction of processing. Additionally, you may exercise your right to data portability, object to processing, and lodge a complaint with the relevant supervisory authority. You can find the full privacy notice <a href=\"\/klauzule-informacyjne-rodo\/\" target=\"_blank\">here<\/a>.<\/small>\n\t<\/p>\n\t<p class=\"grecaptcha-alt-text\"><small>This site is protected by Google reCAPTCHA.<br \/>\n<a href=\"https:\/\/www.google.com\/intl\/en\/policies\/privacy\/\" target=\"_blank\">Privacy policy<\/a> oraz <a href=\"https:\/\/www.google.com\/intl\/en\/policies\/terms\/\" target=\"_blank\">Terms of service<\/a>.<br \/>\n<\/small>\n\t<\/p>\n\t<p><input class=\"wpcf7-form-control wpcf7-submit has-spinner\" type=\"submit\" value=\"Send message\" \/>\n\t<\/p>\n<\/div><div class=\"wpcf7-response-output\" aria-hidden=\"true\"><\/div>\n<\/form>\n<\/div>\n<\/div>\n\t\t\t\t\t\t<\/div>\n\t\t\t\t<\/div>\n\t\t\t\t<div class=\"elementor-element elementor-element-55302bd elementor-widget elementor-widget-heading\" data-id=\"55302bd\" data-element_type=\"widget\" data-e-type=\"widget\" data-widget_type=\"heading.default\">\n\t\t\t\t<div class=\"elementor-widget-container\">\n\t\t\t\t\t<h2 class=\"elementor-heading-title elementor-size-default\">Contact<\/h2>\t\t\t\t<\/div>\n\t\t\t\t<\/div>\n\t\t<div class=\"elementor-element elementor-element-9096562 e-con-full e-flex e-con e-child\" data-id=\"9096562\" data-element_type=\"container\" data-e-type=\"container\">\n\t\t<div class=\"elementor-element elementor-element-c12e7ea e-con-full e-flex e-con e-child\" data-id=\"c12e7ea\" data-element_type=\"container\" data-e-type=\"container\">\n\t\t\t\t<div class=\"elementor-element elementor-element-776dcb5 elementor-widget elementor-widget-text-editor\" data-id=\"776dcb5\" data-element_type=\"widget\" data-e-type=\"widget\" data-widget_type=\"text-editor.default\">\n\t\t\t\t<div class=\"elementor-widget-container\">\n\t\t\t\t\t\t\t\t\t<p><strong>Gobarto SA Warsaw Headquarters<\/strong><br \/>Wsp\u00f3lna 70<br \/>00-687 Warsaw<br \/>Poland<br \/>NIP (Tax ID) 699-17-81-489<br \/>Regon (Employer Identification Number) 411141076<br \/>tel. (+48) 22 31 99 300<br \/>fax. (+48) 22\u00a0330\u00a056\u00a006<br \/><a href=\"mailto:gobarto@gobarto.pl\">gobarto@gobarto.pl<\/a><\/p><p>\u00a0<\/p>\t\t\t\t\t\t\t\t<\/div>\n\t\t\t\t<\/div>\n\t\t\t\t<\/div>\n\t\t<div class=\"elementor-element elementor-element-b8218b9 e-con-full e-flex e-con e-child\" data-id=\"b8218b9\" data-element_type=\"container\" data-e-type=\"container\">\n\t\t\t\t<div class=\"elementor-element elementor-element-bb0c1d1 elementor-widget elementor-widget-text-editor\" data-id=\"bb0c1d1\" data-element_type=\"widget\" data-e-type=\"widget\" data-widget_type=\"text-editor.default\">\n\t\t\t\t<div class=\"elementor-widget-container\">\n\t\t\t\t\t\t\t\t\t<p><strong>Gr\u0105bkowo Facility<\/strong><br \/>Gr\u0105bkowo 73<br \/>63-930 Jutrosin<br \/>tel. (+48) 65 547 70 00<br \/>fax. (+48) 65 547 70 01<\/p><p>\u00a0<\/p>\t\t\t\t\t\t\t\t<\/div>\n\t\t\t\t<\/div>\n\t\t\t\t<\/div>\n\t\t\t\t<\/div>\n\t\t<div class=\"elementor-element elementor-element-12c1159 e-con-full e-flex e-con e-child\" data-id=\"12c1159\" data-element_type=\"container\" data-e-type=\"container\">\n\t\t\t\t<div class=\"elementor-element elementor-element-f874f32 elementor-widget elementor-widget-text-editor\" data-id=\"f874f32\" data-element_type=\"widget\" data-e-type=\"widget\" data-widget_type=\"text-editor.default\">\n\t\t\t\t<div class=\"elementor-widget-container\">\n\t\t\t\t\t\t\t\t\t<p>District Court for the Capital City of Warsaw, 12th Commercial Division of the National Court Register<br \/>KRS number: 0000094093<br \/>Share capital: PLN 278,002,290 (fully paid up)<\/p>\t\t\t\t\t\t\t\t<\/div>\n\t\t\t\t<\/div>\n\t\t\t\t<\/div>\n\t\t\t\t<\/div>\n\t\t\t\t\t<\/div>\n\t\t\t\t<\/div>\n\t\t\t\t<\/div>\n\t\t","protected":false},"excerpt":{"rendered":"<div class=\"read-more-wrapper\"><a class=\"\" href=\"https:\/\/gobarto.pl\/en\/contact-us\/\">Read More <i class=\"fa-solid fa-angle-right\"><\/i><\/a><\/div>","protected":false},"author":1,"featured_media":0,"parent":0,"menu_order":0,"comment_status":"closed","ping_status":"closed","template":"","meta":{"neve_meta_sidebar":"","neve_meta_container":"","neve_meta_enable_content_width":"off","neve_meta_content_width":100,"neve_meta_title_alignment":"","neve_meta_author_avatar":"","neve_post_elements_order":"","neve_meta_disable_header":"","neve_meta_disable_footer":"","neve_meta_disable_title":"","neve_meta_reading_time":"","footnotes":"","_links_to":"","_links_to_target":""},"class_list":["post-5261","page","type-page","status-publish","hentry"],"yoast_head":"<!-- This site is optimized with the Yoast SEO plugin v27.5 - https:\/\/yoast.com\/product\/yoast-seo-wordpress\/ -->\n<title>Contact - GOBARTO<\/title>\n<meta name=\"robots\" content=\"index, follow, max-snippet:-1, max-image-preview:large, max-video-preview:-1\" \/>\n<link rel=\"canonical\" href=\"https:\/\/gobarto.pl\/en\/contact-us\/\" \/>\n<meta property=\"og:locale\" content=\"en_US\" \/>\n<meta property=\"og:type\" content=\"article\" \/>\n<meta property=\"og:title\" content=\"Contact - GOBARTO\" \/>\n<meta property=\"og:description\" content=\"Contact Gobarto SA Warsaw Headquarters Wsp\u00f3lna 70 00-687 Warsaw Poland NIP (Tax ID) 699-17-81-489 Regon (Employer Identification Number) 411141076 tel. (+48) 22 31 99 300 fax. (+48) 22\u00a0330\u00a056\u00a006 gobarto@gobarto.pl Gr\u0105bkowo Facility Gr\u0105bkowo 73 63-930 Jutrosin tel. (+48) 65 547 70 00 fax. (+48) 65 547 70 01 District Court for the Capital City of Warsaw,\" \/>\n<meta property=\"og:url\" content=\"https:\/\/gobarto.pl\/en\/contact-us\/\" \/>\n<meta property=\"og:site_name\" content=\"GOBARTO\" \/>\n<meta property=\"article:modified_time\" content=\"2025-09-11T13:24:54+00:00\" \/>\n<meta name=\"twitter:card\" content=\"summary_large_image\" \/>\n<meta name=\"twitter:label1\" content=\"Est. reading time\" \/>\n\t<meta name=\"twitter:data1\" content=\"1 minute\" \/>\n<script type=\"application\/ld+json\" class=\"yoast-schema-graph\">{\"@context\":\"https:\\\/\\\/schema.org\",\"@graph\":[{\"@type\":\"WebPage\",\"@id\":\"https:\\\/\\\/gobarto.pl\\\/en\\\/contact-us\\\/\",\"url\":\"https:\\\/\\\/gobarto.pl\\\/en\\\/contact-us\\\/\",\"name\":\"Contact - GOBARTO\",\"isPartOf\":{\"@id\":\"https:\\\/\\\/gobarto.pl\\\/#website\"},\"datePublished\":\"2024-09-30T12:07:32+00:00\",\"dateModified\":\"2025-09-11T13:24:54+00:00\",\"breadcrumb\":{\"@id\":\"https:\\\/\\\/gobarto.pl\\\/en\\\/contact-us\\\/#breadcrumb\"},\"inLanguage\":\"en-US\",\"potentialAction\":[{\"@type\":\"ReadAction\",\"target\":[\"https:\\\/\\\/gobarto.pl\\\/en\\\/contact-us\\\/\"]}]},{\"@type\":\"BreadcrumbList\",\"@id\":\"https:\\\/\\\/gobarto.pl\\\/en\\\/contact-us\\\/#breadcrumb\",\"itemListElement\":[{\"@type\":\"ListItem\",\"position\":1,\"name\":\"Strona g\u0142\u00f3wna\",\"item\":\"https:\\\/\\\/gobarto.pl\\\/\"},{\"@type\":\"ListItem\",\"position\":2,\"name\":\"Contact\"}]},{\"@type\":\"WebSite\",\"@id\":\"https:\\\/\\\/gobarto.pl\\\/#website\",\"url\":\"https:\\\/\\\/gobarto.pl\\\/\",\"name\":\"GOBARTO\",\"description\":\"\",\"publisher\":{\"@id\":\"https:\\\/\\\/gobarto.pl\\\/#organization\"},\"potentialAction\":[{\"@type\":\"SearchAction\",\"target\":{\"@type\":\"EntryPoint\",\"urlTemplate\":\"https:\\\/\\\/gobarto.pl\\\/?s={search_term_string}\"},\"query-input\":{\"@type\":\"PropertyValueSpecification\",\"valueRequired\":true,\"valueName\":\"search_term_string\"}}],\"inLanguage\":\"en-US\"},{\"@type\":\"Organization\",\"@id\":\"https:\\\/\\\/gobarto.pl\\\/#organization\",\"name\":\"GOBARTO\",\"url\":\"https:\\\/\\\/gobarto.pl\\\/\",\"logo\":{\"@type\":\"ImageObject\",\"inLanguage\":\"en-US\",\"@id\":\"https:\\\/\\\/gobarto.pl\\\/#\\\/schema\\\/logo\\\/image\\\/\",\"url\":\"https:\\\/\\\/gobarto.pl\\\/wp-content\\\/uploads\\\/2024\\\/09\\\/logo-agency.png\",\"contentUrl\":\"https:\\\/\\\/gobarto.pl\\\/wp-content\\\/uploads\\\/2024\\\/09\\\/logo-agency.png\",\"width\":200,\"height\":200,\"caption\":\"GOBARTO\"},\"image\":{\"@id\":\"https:\\\/\\\/gobarto.pl\\\/#\\\/schema\\\/logo\\\/image\\\/\"}}]}<\/script>\n<!-- \/ Yoast SEO plugin. -->","yoast_head_json":{"title":"Contact - GOBARTO","robots":{"index":"index","follow":"follow","max-snippet":"max-snippet:-1","max-image-preview":"max-image-preview:large","max-video-preview":"max-video-preview:-1"},"canonical":"https:\/\/gobarto.pl\/en\/contact-us\/","og_locale":"en_US","og_type":"article","og_title":"Contact - GOBARTO","og_description":"Contact Gobarto SA Warsaw Headquarters Wsp\u00f3lna 70 00-687 Warsaw Poland NIP (Tax ID) 699-17-81-489 Regon (Employer Identification Number) 411141076 tel. (+48) 22 31 99 300 fax. (+48) 22\u00a0330\u00a056\u00a006 gobarto@gobarto.pl Gr\u0105bkowo Facility Gr\u0105bkowo 73 63-930 Jutrosin tel. (+48) 65 547 70 00 fax. (+48) 65 547 70 01 District Court for the Capital City of Warsaw,","og_url":"https:\/\/gobarto.pl\/en\/contact-us\/","og_site_name":"GOBARTO","article_modified_time":"2025-09-11T13:24:54+00:00","twitter_card":"summary_large_image","twitter_misc":{"Est. reading time":"1 minute"},"schema":{"@context":"https:\/\/schema.org","@graph":[{"@type":"WebPage","@id":"https:\/\/gobarto.pl\/en\/contact-us\/","url":"https:\/\/gobarto.pl\/en\/contact-us\/","name":"Contact - GOBARTO","isPartOf":{"@id":"https:\/\/gobarto.pl\/#website"},"datePublished":"2024-09-30T12:07:32+00:00","dateModified":"2025-09-11T13:24:54+00:00","breadcrumb":{"@id":"https:\/\/gobarto.pl\/en\/contact-us\/#breadcrumb"},"inLanguage":"en-US","potentialAction":[{"@type":"ReadAction","target":["https:\/\/gobarto.pl\/en\/contact-us\/"]}]},{"@type":"BreadcrumbList","@id":"https:\/\/gobarto.pl\/en\/contact-us\/#breadcrumb","itemListElement":[{"@type":"ListItem","position":1,"name":"Strona g\u0142\u00f3wna","item":"https:\/\/gobarto.pl\/"},{"@type":"ListItem","position":2,"name":"Contact"}]},{"@type":"WebSite","@id":"https:\/\/gobarto.pl\/#website","url":"https:\/\/gobarto.pl\/","name":"GOBARTO","description":"","publisher":{"@id":"https:\/\/gobarto.pl\/#organization"},"potentialAction":[{"@type":"SearchAction","target":{"@type":"EntryPoint","urlTemplate":"https:\/\/gobarto.pl\/?s={search_term_string}"},"query-input":{"@type":"PropertyValueSpecification","valueRequired":true,"valueName":"search_term_string"}}],"inLanguage":"en-US"},{"@type":"Organization","@id":"https:\/\/gobarto.pl\/#organization","name":"GOBARTO","url":"https:\/\/gobarto.pl\/","logo":{"@type":"ImageObject","inLanguage":"en-US","@id":"https:\/\/gobarto.pl\/#\/schema\/logo\/image\/","url":"https:\/\/gobarto.pl\/wp-content\/uploads\/2024\/09\/logo-agency.png","contentUrl":"https:\/\/gobarto.pl\/wp-content\/uploads\/2024\/09\/logo-agency.png","width":200,"height":200,"caption":"GOBARTO"},"image":{"@id":"https:\/\/gobarto.pl\/#\/schema\/logo\/image\/"}}]}},"_links":{"self":[{"href":"https:\/\/gobarto.pl\/en\/wp-json\/wp\/v2\/pages\/5261","targetHints":{"allow":["GET"]}}],"collection":[{"href":"https:\/\/gobarto.pl\/en\/wp-json\/wp\/v2\/pages"}],"about":[{"href":"https:\/\/gobarto.pl\/en\/wp-json\/wp\/v2\/types\/page"}],"author":[{"embeddable":true,"href":"https:\/\/gobarto.pl\/en\/wp-json\/wp\/v2\/users\/1"}],"replies":[{"embeddable":true,"href":"https:\/\/gobarto.pl\/en\/wp-json\/wp\/v2\/comments?post=5261"}],"version-history":[{"count":12,"href":"https:\/\/gobarto.pl\/en\/wp-json\/wp\/v2\/pages\/5261\/revisions"}],"predecessor-version":[{"id":5353,"href":"https:\/\/gobarto.pl\/en\/wp-json\/wp\/v2\/pages\/5261\/revisions\/5353"}],"wp:attachment":[{"href":"https:\/\/gobarto.pl\/en\/wp-json\/wp\/v2\/media?parent=5261"}],"curies":[{"name":"wp","href":"https:\/\/api.w.org\/{rel}","templated":true}]}}